{"id":2567,"date":"2025-11-12T16:01:45","date_gmt":"2025-11-12T15:01:45","guid":{"rendered":"http:\/\/helpinghandmallorca.com\/?page_id=2567"},"modified":"2025-11-19T10:34:10","modified_gmt":"2025-11-19T09:34:10","slug":"accessibility-statement","status":"publish","type":"page","link":"https:\/\/helpinghandmallorca.com\/de\/accessibility-statement\/","title":{"rendered":"Accessibility Statement"},"content":{"rendered":"<h2 class=\"wp-block-heading\">\u267f Declaraci\u00f3n de Accesibilidad<\/h2>\n\n\n\n<h3 class=\"wp-block-heading\">1. Compromiso con la Accesibilidad<\/h3>\n\n\n\n<p><strong>Helping-Hand Mallorca, S.L.<\/strong> se ha comprometido a hacer accesible su sitio web, de conformidad con el <strong>Real Decreto 1112\/2018, de 7 de septiembre<\/strong>, sobre accesibilidad de los sitios web y aplicaciones para dispositivos m\u00f3viles del sector p\u00fablico.<\/p>\n\n\n\n<p>Esta declaraci\u00f3n de accesibilidad aplica al sitio web helpinghandmallorca.com.<\/p>\n\n\n\n<h3 class=\"wp-block-heading\">2. Situaci\u00f3n de Conformidad<\/h3>\n\n\n\n<p>Este sitio web est\u00e1 parcialmente conforme con el RD 1112\/2018 debido a las excepciones y a la falta de conformidad de algunos aspectos que se indican a continuaci\u00f3n.<\/p>\n\n\n\n<p><strong>Nivel de Accesibilidad Declarado:<\/strong> Se aspira a cumplir el <strong>Nivel AA<\/strong> de las Pautas de Accesibilidad para el Contenido Web (WCAG 2.1).<\/p>\n\n\n\n<h3 class=\"wp-block-heading\">3. Contenido no Accesible<\/h3>\n\n\n\n<p>El contenido que se recoge a continuaci\u00f3n no es accesible por los siguientes motivos:<\/p>\n\n\n\n<h4 class=\"wp-block-heading\">A. Falta de Conformidad con el RD 1112\/2018<\/h4>\n\n\n\n<ul class=\"wp-block-list\">\n<li><strong>Contenido multimedia:<\/strong> Podr\u00edan existir archivos de v\u00eddeo o audio subidos antes de 19\/11\/2025 que no dispongan de subt\u00edtulos o transcripci\u00f3n, o que no cumplan con todos los requisitos de contraste o subtitulado.<\/li>\n\n\n\n<li><strong>Contraste y elementos visuales:<\/strong> Podr\u00edan existir puntualmente elementos visuales de dise\u00f1o o texto cuyo contraste de color no sea suficiente para cumplir la relaci\u00f3n m\u00ednima exigida por WCAG 2.1 (AA).<\/li>\n\n\n\n<li><strong>Formularios:<\/strong> Alg\u00fan campo de formulario complejo podr\u00eda no tener una descripci\u00f3n adecuada para tecnolog\u00edas de asistencia o su agrupaci\u00f3n podr\u00eda ser confusa.<\/li>\n<\/ul>\n\n\n\n<h4 class=\"wp-block-heading\">B. Carga Desproporcionada<\/h4>\n\n\n\n<p>No aplica.<\/p>\n\n\n\n<h4 class=\"wp-block-heading\">C. Contenido que no entra en el \u00e1mbito de la legislaci\u00f3n aplicable<\/h4>\n\n\n\n<ul class=\"wp-block-list\">\n<li>Archivos de ofim\u00e1tica en diversos formatos publicados antes de 19\/11\/2025 que no cumplen \u00edntegramente todos los requisitos de accesibilidad.<\/li>\n<\/ul>\n\n\n\n<h3 class=\"wp-block-heading\">4. Observaciones y Contacto (Comunicaciones)<\/h3>\n\n\n\n<p><strong>Helping-Hand Mallorca, S.L.<\/strong> pone a disposici\u00f3n de los usuarios la posibilidad de realizar comunicaciones relativas a la accesibilidad.<\/p>\n\n\n\n<p>El objetivo es solicitar:<\/p>\n\n\n\n<ul class=\"wp-block-list\">\n<li>Informar sobre cualquier posible incumplimiento por parte de este sitio web.<\/li>\n\n\n\n<li>Transmitir otras dificultades de acceso al contenido.<\/li>\n\n\n\n<li>Formular cualquier otra consulta o sugerencia de mejora relativa a la accesibilidad del sitio web.<\/li>\n<\/ul>\n\n\n\n<p>Para ello, puede utilizar las siguientes v\u00edas:<\/p>\n\n\n\n<ul class=\"wp-block-list\">\n<li><strong>Correo electr\u00f3nico:<\/strong> info@helpinghandmallorca.com<\/li>\n\n\n\n<li><strong>Direcci\u00f3n Postal:<\/strong> C\/ Mar Mediterraneo, 61 &#8211; local 9 (1\u00aa planta), Pol. Son Bugadelles, 07180, Santa Ponsa, Espa\u00f1a.<\/li>\n<\/ul>\n\n\n\n<h3 class=\"wp-block-heading\">5. Procedimiento de Queja y Reclamaci\u00f3n<\/h3>\n\n\n\n<p>Si, una vez realizada una solicitud de informaci\u00f3n accesible o una queja, no ha recibido una respuesta satisfactoria, o si la respuesta no es conforme, podr\u00e1 iniciar una <strong>reclamaci\u00f3n<\/strong>.<\/p>\n\n\n\n<p>El procedimiento de reclamaci\u00f3n regulado en el art\u00edculo 13 del RD 1112\/2018 entrar\u00e1 en vigor desde la fecha de reclamaci\u00f3n.<\/p>\n\n\n\n<p>Las reclamaciones se pueden presentar a trav\u00e9s de correo electr\u00f3nico o llam\u00e1da de tel\u00e9fono.<\/p>\n\n\n\n<h3 class=\"wp-block-heading\">6. Contenido Opcional<\/h3>\n\n\n\n<p>Este sitio web:<\/p>\n\n\n\n<ul class=\"wp-block-list\">\n<li>Est\u00e1 dise\u00f1ado utilizando est\u00e1ndares HTML5 y hojas de estilo CSS3.<\/li>\n\n\n\n<li>Ha sido probado para su correcta visualizaci\u00f3n y funcionamiento en navegadores de uso com\u00fan y en diversos dispositivos.<\/li>\n\n\n\n<li>Ha utilizado herramientas de validaci\u00f3n de accesibilidad autom\u00e1ticas y revisiones manuales<\/li>\n<\/ul>","protected":false},"excerpt":{"rendered":"<p>\u267f Declaraci\u00f3n de Accesibilidad 1. Compromiso con la Accesibilidad Helping-Hand Mallorca, S.L. se ha comprometido a hacer accesible su sitio [&hellip;]<\/p>\n","protected":false},"author":1,"featured_media":0,"parent":0,"menu_order":0,"comment_status":"closed","ping_status":"closed","template":"","meta":{"site-sidebar-layout":"default","site-content-layout":"","ast-site-content-layout":"default","site-content-style":"default","site-sidebar-style":"default","ast-global-header-display":"","ast-banner-title-visibility":"","ast-main-header-display":"","ast-hfb-above-header-display":"","ast-hfb-below-header-display":"","ast-hfb-mobile-header-display":"","site-post-title":"","ast-breadcrumbs-content":"","ast-featured-img":"","footer-sml-layout":"","ast-disable-related-posts":"","theme-transparent-header-meta":"","adv-header-id-meta":"","stick-header-meta":"","header-above-stick-meta":"","header-main-stick-meta":"","header-below-stick-meta":"","astra-migrate-meta-layouts":"set","ast-page-background-enabled":"default","ast-page-background-meta":{"desktop":{"background-color":"","background-image":"","background-repeat":"repeat","background-position":"center center","background-size":"auto","background-attachment":"scroll","background-type":"","background-media":"","overlay-type":"","overlay-color":"","overlay-opacity":"","overlay-gradient":""},"tablet":{"background-color":"","background-image":"","background-repeat":"repeat","background-position":"center center","background-size":"auto","background-attachment":"scroll","background-type":"","background-media":"","overlay-type":"","overlay-color":"","overlay-opacity":"","overlay-gradient":""},"mobile":{"background-color":"","background-image":"","background-repeat":"repeat","background-position":"center center","background-size":"auto","background-attachment":"scroll","background-type":"","background-media":"","overlay-type":"","overlay-color":"","overlay-opacity":"","overlay-gradient":""}},"ast-content-background-meta":{"desktop":{"background-color":"var(--ast-global-color-5)","background-image":"","background-repeat":"repeat","background-position":"center center","background-size":"auto","background-attachment":"scroll","background-type":"","background-media":"","overlay-type":"","overlay-color":"","overlay-opacity":"","overlay-gradient":""},"tablet":{"background-color":"var(--ast-global-color-5)","background-image":"","background-repeat":"repeat","background-position":"center center","background-size":"auto","background-attachment":"scroll","background-type":"","background-media":"","overlay-type":"","overlay-color":"","overlay-opacity":"","overlay-gradient":""},"mobile":{"background-color":"var(--ast-global-color-5)","background-image":"","background-repeat":"repeat","background-position":"center center","background-size":"auto","background-attachment":"scroll","background-type":"","background-media":"","overlay-type":"","overlay-color":"","overlay-opacity":"","overlay-gradient":""}},"footnotes":""},"class_list":["post-2567","page","type-page","status-publish","hentry"],"_links":{"self":[{"href":"https:\/\/helpinghandmallorca.com\/de\/wp-json\/wp\/v2\/pages\/2567","targetHints":{"allow":["GET"]}}],"collection":[{"href":"https:\/\/helpinghandmallorca.com\/de\/wp-json\/wp\/v2\/pages"}],"about":[{"href":"https:\/\/helpinghandmallorca.com\/de\/wp-json\/wp\/v2\/types\/page"}],"author":[{"embeddable":true,"href":"https:\/\/helpinghandmallorca.com\/de\/wp-json\/wp\/v2\/users\/1"}],"replies":[{"embeddable":true,"href":"https:\/\/helpinghandmallorca.com\/de\/wp-json\/wp\/v2\/comments?post=2567"}],"version-history":[{"count":6,"href":"https:\/\/helpinghandmallorca.com\/de\/wp-json\/wp\/v2\/pages\/2567\/revisions"}],"predecessor-version":[{"id":2610,"href":"https:\/\/helpinghandmallorca.com\/de\/wp-json\/wp\/v2\/pages\/2567\/revisions\/2610"}],"wp:attachment":[{"href":"https:\/\/helpinghandmallorca.com\/de\/wp-json\/wp\/v2\/media?parent=2567"}],"curies":[{"name":"wp","href":"https:\/\/api.w.org\/{rel}","templated":true}]}}